{"id":958,"date":"2026-03-23T15:48:30","date_gmt":"2026-03-23T18:48:30","guid":{"rendered":"https:\/\/revistaeletricidade.com.br\/?page_id=958"},"modified":"2026-03-23T15:48:35","modified_gmt":"2026-03-23T18:48:35","slug":"fale-conosco","status":"publish","type":"page","link":"https:\/\/revistaeletricidade.com.br\/index.php\/fale-conosco\/","title":{"rendered":"Fale Conosco"},"content":{"rendered":"\n<p>Dicas, sugest\u00f5es, reclama\u00e7\u00f5es, corre\u00e7\u00f5es: <\/p>\n\n\n\n<p><a href=\"mailto:revistaeletricidade@gmail.com\" target=\"_blank\" rel=\"noreferrer noopener\"><strong>revistaeletricidade@gmail.com<\/strong><\/a><\/p>\n\n\n\n<p><\/p>\n","protected":false},"excerpt":{"rendered":"<p>Dicas, sugest\u00f5es, reclama\u00e7\u00f5es, corre\u00e7\u00f5es: revistaeletricidade@gmail.com<\/p>\n","protected":false},"author":1,"featured_media":0,"parent":0,"menu_order":0,"comment_status":"closed","ping_status":"closed","template":"","meta":{"footnotes":""},"class_list":["post-958","page","type-page","status-publish","hentry"],"yoast_head":"<!-- This site is optimized with the Yoast SEO plugin v27.3 - https:\/\/yoast.com\/product\/yoast-seo-wordpress\/ -->\n<title>Fale Conosco - Revista Eletricidade<\/title>\n<meta name=\"robots\" content=\"index, follow, max-snippet:-1, max-image-preview:large, max-video-preview:-1\" \/>\n<link rel=\"canonical\" href=\"https:\/\/revistaeletricidade.com.br\/index.php\/fale-conosco\/\" \/>\n<meta property=\"og:locale\" content=\"pt_BR\" \/>\n<meta property=\"og:type\" content=\"article\" \/>\n<meta property=\"og:title\" content=\"Fale Conosco - Revista Eletricidade\" \/>\n<meta property=\"og:description\" content=\"Dicas, sugest\u00f5es, reclama\u00e7\u00f5es, corre\u00e7\u00f5es: revistaeletricidade@gmail.com\" \/>\n<meta property=\"og:url\" content=\"https:\/\/revistaeletricidade.com.br\/index.php\/fale-conosco\/\" \/>\n<meta property=\"og:site_name\" content=\"Revista Eletricidade\" \/>\n<meta property=\"article:publisher\" content=\"https:\/\/www.facebook.com\/revistaeletricidade\" \/>\n<meta property=\"article:modified_time\" content=\"2026-03-23T18:48:35+00:00\" \/>\n<meta name=\"twitter:card\" content=\"summary_large_image\" \/>\n<meta name=\"twitter:site\" content=\"@rev_eletrici\" \/>\n<meta name=\"twitter:label1\" content=\"Est. tempo de leitura\" \/>\n\t<meta name=\"twitter:data1\" content=\"1 minuto\" \/>\n<script type=\"application\/ld+json\" class=\"yoast-schema-graph\">{\"@context\":\"https:\\\/\\\/schema.org\",\"@graph\":[{\"@type\":\"WebPage\",\"@id\":\"https:\\\/\\\/revistaeletricidade.com.br\\\/index.php\\\/fale-conosco\\\/\",\"url\":\"https:\\\/\\\/revistaeletricidade.com.br\\\/index.php\\\/fale-conosco\\\/\",\"name\":\"Fale Conosco - Revista Eletricidade\",\"isPartOf\":{\"@id\":\"https:\\\/\\\/revistaeletricidade.com.br\\\/#website\"},\"datePublished\":\"2026-03-23T18:48:30+00:00\",\"dateModified\":\"2026-03-23T18:48:35+00:00\",\"breadcrumb\":{\"@id\":\"https:\\\/\\\/revistaeletricidade.com.br\\\/index.php\\\/fale-conosco\\\/#breadcrumb\"},\"inLanguage\":\"pt-BR\",\"potentialAction\":[{\"@type\":\"ReadAction\",\"target\":[\"https:\\\/\\\/revistaeletricidade.com.br\\\/index.php\\\/fale-conosco\\\/\"]}]},{\"@type\":\"BreadcrumbList\",\"@id\":\"https:\\\/\\\/revistaeletricidade.com.br\\\/index.php\\\/fale-conosco\\\/#breadcrumb\",\"itemListElement\":[{\"@type\":\"ListItem\",\"position\":1,\"name\":\"In\u00edcio\",\"item\":\"https:\\\/\\\/revistaeletricidade.com.br\\\/\"},{\"@type\":\"ListItem\",\"position\":2,\"name\":\"Fale Conosco\"}]},{\"@type\":\"WebSite\",\"@id\":\"https:\\\/\\\/revistaeletricidade.com.br\\\/#website\",\"url\":\"https:\\\/\\\/revistaeletricidade.com.br\\\/\",\"name\":\"Revista Eletricidade\",\"description\":\"Revista Online com tudo o que mais te interessa\",\"publisher\":{\"@id\":\"https:\\\/\\\/revistaeletricidade.com.br\\\/#organization\"},\"potentialAction\":[{\"@type\":\"SearchAction\",\"target\":{\"@type\":\"EntryPoint\",\"urlTemplate\":\"https:\\\/\\\/revistaeletricidade.com.br\\\/?s={search_term_string}\"},\"query-input\":{\"@type\":\"PropertyValueSpecification\",\"valueRequired\":true,\"valueName\":\"search_term_string\"}}],\"inLanguage\":\"pt-BR\"},{\"@type\":\"Organization\",\"@id\":\"https:\\\/\\\/revistaeletricidade.com.br\\\/#organization\",\"name\":\"Revista Eletricidade\",\"url\":\"https:\\\/\\\/revistaeletricidade.com.br\\\/\",\"logo\":{\"@type\":\"ImageObject\",\"inLanguage\":\"pt-BR\",\"@id\":\"https:\\\/\\\/revistaeletricidade.com.br\\\/#\\\/schema\\\/logo\\\/image\\\/\",\"url\":\"https:\\\/\\\/revistaeletricidade.com.br\\\/wp-content\\\/uploads\\\/2026\\\/01\\\/cropped-bannerreviadap.jpg\",\"contentUrl\":\"https:\\\/\\\/revistaeletricidade.com.br\\\/wp-content\\\/uploads\\\/2026\\\/01\\\/cropped-bannerreviadap.jpg\",\"width\":800,\"height\":132,\"caption\":\"Revista Eletricidade\"},\"image\":{\"@id\":\"https:\\\/\\\/revistaeletricidade.com.br\\\/#\\\/schema\\\/logo\\\/image\\\/\"},\"sameAs\":[\"https:\\\/\\\/www.facebook.com\\\/revistaeletricidade\",\"https:\\\/\\\/x.com\\\/rev_eletrici\",\"https:\\\/\\\/www.instagram.com\\\/revistaeletricidade\"]}]}<\/script>\n<!-- \/ Yoast SEO plugin. -->","yoast_head_json":{"title":"Fale Conosco - Revista Eletricidade","robots":{"index":"index","follow":"follow","max-snippet":"max-snippet:-1","max-image-preview":"max-image-preview:large","max-video-preview":"max-video-preview:-1"},"canonical":"https:\/\/revistaeletricidade.com.br\/index.php\/fale-conosco\/","og_locale":"pt_BR","og_type":"article","og_title":"Fale Conosco - Revista Eletricidade","og_description":"Dicas, sugest\u00f5es, reclama\u00e7\u00f5es, corre\u00e7\u00f5es: revistaeletricidade@gmail.com","og_url":"https:\/\/revistaeletricidade.com.br\/index.php\/fale-conosco\/","og_site_name":"Revista Eletricidade","article_publisher":"https:\/\/www.facebook.com\/revistaeletricidade","article_modified_time":"2026-03-23T18:48:35+00:00","twitter_card":"summary_large_image","twitter_site":"@rev_eletrici","twitter_misc":{"Est. tempo de leitura":"1 minuto"},"schema":{"@context":"https:\/\/schema.org","@graph":[{"@type":"WebPage","@id":"https:\/\/revistaeletricidade.com.br\/index.php\/fale-conosco\/","url":"https:\/\/revistaeletricidade.com.br\/index.php\/fale-conosco\/","name":"Fale Conosco - Revista Eletricidade","isPartOf":{"@id":"https:\/\/revistaeletricidade.com.br\/#website"},"datePublished":"2026-03-23T18:48:30+00:00","dateModified":"2026-03-23T18:48:35+00:00","breadcrumb":{"@id":"https:\/\/revistaeletricidade.com.br\/index.php\/fale-conosco\/#breadcrumb"},"inLanguage":"pt-BR","potentialAction":[{"@type":"ReadAction","target":["https:\/\/revistaeletricidade.com.br\/index.php\/fale-conosco\/"]}]},{"@type":"BreadcrumbList","@id":"https:\/\/revistaeletricidade.com.br\/index.php\/fale-conosco\/#breadcrumb","itemListElement":[{"@type":"ListItem","position":1,"name":"In\u00edcio","item":"https:\/\/revistaeletricidade.com.br\/"},{"@type":"ListItem","position":2,"name":"Fale Conosco"}]},{"@type":"WebSite","@id":"https:\/\/revistaeletricidade.com.br\/#website","url":"https:\/\/revistaeletricidade.com.br\/","name":"Revista Eletricidade","description":"Revista Online com tudo o que mais te interessa","publisher":{"@id":"https:\/\/revistaeletricidade.com.br\/#organization"},"potentialAction":[{"@type":"SearchAction","target":{"@type":"EntryPoint","urlTemplate":"https:\/\/revistaeletricidade.com.br\/?s={search_term_string}"},"query-input":{"@type":"PropertyValueSpecification","valueRequired":true,"valueName":"search_term_string"}}],"inLanguage":"pt-BR"},{"@type":"Organization","@id":"https:\/\/revistaeletricidade.com.br\/#organization","name":"Revista Eletricidade","url":"https:\/\/revistaeletricidade.com.br\/","logo":{"@type":"ImageObject","inLanguage":"pt-BR","@id":"https:\/\/revistaeletricidade.com.br\/#\/schema\/logo\/image\/","url":"https:\/\/revistaeletricidade.com.br\/wp-content\/uploads\/2026\/01\/cropped-bannerreviadap.jpg","contentUrl":"https:\/\/revistaeletricidade.com.br\/wp-content\/uploads\/2026\/01\/cropped-bannerreviadap.jpg","width":800,"height":132,"caption":"Revista Eletricidade"},"image":{"@id":"https:\/\/revistaeletricidade.com.br\/#\/schema\/logo\/image\/"},"sameAs":["https:\/\/www.facebook.com\/revistaeletricidade","https:\/\/x.com\/rev_eletrici","https:\/\/www.instagram.com\/revistaeletricidade"]}]}},"_links":{"self":[{"href":"https:\/\/revistaeletricidade.com.br\/index.php\/wp-json\/wp\/v2\/pages\/958","targetHints":{"allow":["GET"]}}],"collection":[{"href":"https:\/\/revistaeletricidade.com.br\/index.php\/wp-json\/wp\/v2\/pages"}],"about":[{"href":"https:\/\/revistaeletricidade.com.br\/index.php\/wp-json\/wp\/v2\/types\/page"}],"author":[{"embeddable":true,"href":"https:\/\/revistaeletricidade.com.br\/index.php\/wp-json\/wp\/v2\/users\/1"}],"replies":[{"embeddable":true,"href":"https:\/\/revistaeletricidade.com.br\/index.php\/wp-json\/wp\/v2\/comments?post=958"}],"version-history":[{"count":1,"href":"https:\/\/revistaeletricidade.com.br\/index.php\/wp-json\/wp\/v2\/pages\/958\/revisions"}],"predecessor-version":[{"id":960,"href":"https:\/\/revistaeletricidade.com.br\/index.php\/wp-json\/wp\/v2\/pages\/958\/revisions\/960"}],"wp:attachment":[{"href":"https:\/\/revistaeletricidade.com.br\/index.php\/wp-json\/wp\/v2\/media?parent=958"}],"curies":[{"name":"wp","href":"https:\/\/api.w.org\/{rel}","templated":true}]}}