{"id":214,"date":"2026-01-19T13:50:09","date_gmt":"2026-01-19T16:50:09","guid":{"rendered":"https:\/\/revistaeletricidade.com.br\/?page_id=214"},"modified":"2026-01-19T13:50:11","modified_gmt":"2026-01-19T16:50:11","slug":"politica-de-cookies","status":"publish","type":"page","link":"https:\/\/revistaeletricidade.com.br\/index.php\/politica-de-cookies\/","title":{"rendered":"Pol\u00edtica de Cookies"},"content":{"rendered":"\n<p>O que s\u00e3o cookies?<br>Cookies s\u00e3o pequenos arquivos de texto armazenados no seu dispositivo quando voc\u00ea visita nosso site. Eles s\u00e3o amplamente usados para fazer sites funcionarem de forma mais eficiente, al\u00e9m de fornecer informa\u00e7\u00f5es aos propriet\u00e1rios do site.<\/p>\n\n\n\n<p>Como usamos cookies?<br>Utilizamos cookies para:<\/p>\n\n\n\n<ul class=\"wp-block-list\">\n<li>Garantir o funcionamento adequado do site.<\/li>\n\n\n\n<li>Lembrar suas prefer\u00eancias (como idioma).<\/li>\n\n\n\n<li>Analisar o tr\u00e1fego e o uso do site.<\/li>\n\n\n\n<li>Personalizar conte\u00fado e an\u00fancios.<\/li>\n<\/ul>\n\n\n\n<p>Tipos de cookies que utilizamos:<\/p>\n\n\n\n<ul class=\"wp-block-list\">\n<li>Cookies necess\u00e1rios: Essenciais para o funcionamento do site.<\/li>\n\n\n\n<li>Cookies de prefer\u00eancias: Lembram suas escolhas.<\/li>\n\n\n\n<li>Cookies estat\u00edsticos: Ajudam a entender como os visitantes interagem.<\/li>\n\n\n\n<li>Cookies de marketing: Usados para rastrear visitantes em sites.<\/li>\n<\/ul>\n\n\n\n<p>Gerenciamento de cookies:<br>Voc\u00ea pode gerenciar as configura\u00e7\u00f5es de cookies atrav\u00e9s do seu navegador. No entanto, ao desativar cookies, algumas funcionalidades do site podem n\u00e3o funcionar corretamente.<\/p>\n\n\n\n<p>Altera\u00e7\u00f5es nesta <a href=\"https:\/\/revistaeletricidade.com.br\/index.php\/2025\/08\/26\/minisserie-refem-resgata-o-suspense-na-diplomacia-em-tempos-de-pos-verdade\/\">pol\u00edtica<\/a>:<br>Podemos atualizar esta pol\u00edtica periodicamente. Recomendamos revisitar esta p\u00e1gina para se manter informado.<\/p>\n\n\n\n<p>Contato:<br>Para d\u00favidas sobre nossa pol\u00edtica de cookies, entre em contato atrav\u00e9s de <a href=\"mailto:revistaeletricidade@gmail.com\" target=\"_blank\" rel=\"noreferrer noopener\"><strong>revistaeletricidade@gmail.com<\/strong><\/a>.<\/p>\n\n\n\n<p><\/p>\n","protected":false},"excerpt":{"rendered":"<p>O que s\u00e3o cookies?Cookies s\u00e3o pequenos arquivos de texto armazenados no seu dispositivo quando voc\u00ea visita nosso site. Eles s\u00e3o amplamente usados para fazer sites funcionarem de forma mais eficiente, al\u00e9m de fornecer informa\u00e7\u00f5es aos propriet\u00e1rios do site. Como usamos cookies?Utilizamos cookies para: Tipos de cookies que utilizamos: Gerenciamento de cookies:Voc\u00ea pode gerenciar as configura\u00e7\u00f5es [&hellip;]<\/p>\n","protected":false},"author":1,"featured_media":0,"parent":0,"menu_order":0,"comment_status":"closed","ping_status":"closed","template":"","meta":{"footnotes":""},"class_list":["post-214","page","type-page","status-publish","hentry"],"yoast_head":"<!-- This site is optimized with the Yoast SEO plugin v27.3 - https:\/\/yoast.com\/product\/yoast-seo-wordpress\/ -->\n<title>Pol\u00edtica de Cookies - Revista Eletricidade<\/title>\n<meta name=\"robots\" content=\"index, follow, max-snippet:-1, max-image-preview:large, max-video-preview:-1\" \/>\n<link rel=\"canonical\" href=\"https:\/\/revistaeletricidade.com.br\/index.php\/politica-de-cookies\/\" \/>\n<meta property=\"og:locale\" content=\"pt_BR\" \/>\n<meta property=\"og:type\" content=\"article\" \/>\n<meta property=\"og:title\" content=\"Pol\u00edtica de Cookies - Revista Eletricidade\" \/>\n<meta property=\"og:description\" content=\"O que s\u00e3o cookies?Cookies s\u00e3o pequenos arquivos de texto armazenados no seu dispositivo quando voc\u00ea visita nosso site. Eles s\u00e3o amplamente usados para fazer sites funcionarem de forma mais eficiente, al\u00e9m de fornecer informa\u00e7\u00f5es aos propriet\u00e1rios do site. Como usamos cookies?Utilizamos cookies para: Tipos de cookies que utilizamos: Gerenciamento de cookies:Voc\u00ea pode gerenciar as configura\u00e7\u00f5es [&hellip;]\" \/>\n<meta property=\"og:url\" content=\"https:\/\/revistaeletricidade.com.br\/index.php\/politica-de-cookies\/\" \/>\n<meta property=\"og:site_name\" content=\"Revista Eletricidade\" \/>\n<meta property=\"article:publisher\" content=\"https:\/\/www.facebook.com\/revistaeletricidade\" \/>\n<meta property=\"article:modified_time\" content=\"2026-01-19T16:50:11+00:00\" \/>\n<meta name=\"twitter:card\" content=\"summary_large_image\" \/>\n<meta name=\"twitter:site\" content=\"@rev_eletrici\" \/>\n<meta name=\"twitter:label1\" content=\"Est. tempo de leitura\" \/>\n\t<meta name=\"twitter:data1\" content=\"1 minuto\" \/>\n<script type=\"application\/ld+json\" class=\"yoast-schema-graph\">{\"@context\":\"https:\\\/\\\/schema.org\",\"@graph\":[{\"@type\":\"WebPage\",\"@id\":\"https:\\\/\\\/revistaeletricidade.com.br\\\/index.php\\\/politica-de-cookies\\\/\",\"url\":\"https:\\\/\\\/revistaeletricidade.com.br\\\/index.php\\\/politica-de-cookies\\\/\",\"name\":\"Pol\u00edtica de Cookies - Revista Eletricidade\",\"isPartOf\":{\"@id\":\"https:\\\/\\\/revistaeletricidade.com.br\\\/#website\"},\"datePublished\":\"2026-01-19T16:50:09+00:00\",\"dateModified\":\"2026-01-19T16:50:11+00:00\",\"breadcrumb\":{\"@id\":\"https:\\\/\\\/revistaeletricidade.com.br\\\/index.php\\\/politica-de-cookies\\\/#breadcrumb\"},\"inLanguage\":\"pt-BR\",\"potentialAction\":[{\"@type\":\"ReadAction\",\"target\":[\"https:\\\/\\\/revistaeletricidade.com.br\\\/index.php\\\/politica-de-cookies\\\/\"]}]},{\"@type\":\"BreadcrumbList\",\"@id\":\"https:\\\/\\\/revistaeletricidade.com.br\\\/index.php\\\/politica-de-cookies\\\/#breadcrumb\",\"itemListElement\":[{\"@type\":\"ListItem\",\"position\":1,\"name\":\"In\u00edcio\",\"item\":\"https:\\\/\\\/revistaeletricidade.com.br\\\/\"},{\"@type\":\"ListItem\",\"position\":2,\"name\":\"Pol\u00edtica de Cookies\"}]},{\"@type\":\"WebSite\",\"@id\":\"https:\\\/\\\/revistaeletricidade.com.br\\\/#website\",\"url\":\"https:\\\/\\\/revistaeletricidade.com.br\\\/\",\"name\":\"Revista Eletricidade\",\"description\":\"Revista Online com tudo o que mais te interessa\",\"publisher\":{\"@id\":\"https:\\\/\\\/revistaeletricidade.com.br\\\/#organization\"},\"potentialAction\":[{\"@type\":\"SearchAction\",\"target\":{\"@type\":\"EntryPoint\",\"urlTemplate\":\"https:\\\/\\\/revistaeletricidade.com.br\\\/?s={search_term_string}\"},\"query-input\":{\"@type\":\"PropertyValueSpecification\",\"valueRequired\":true,\"valueName\":\"search_term_string\"}}],\"inLanguage\":\"pt-BR\"},{\"@type\":\"Organization\",\"@id\":\"https:\\\/\\\/revistaeletricidade.com.br\\\/#organization\",\"name\":\"Revista Eletricidade\",\"url\":\"https:\\\/\\\/revistaeletricidade.com.br\\\/\",\"logo\":{\"@type\":\"ImageObject\",\"inLanguage\":\"pt-BR\",\"@id\":\"https:\\\/\\\/revistaeletricidade.com.br\\\/#\\\/schema\\\/logo\\\/image\\\/\",\"url\":\"https:\\\/\\\/revistaeletricidade.com.br\\\/wp-content\\\/uploads\\\/2026\\\/01\\\/cropped-bannerreviadap.jpg\",\"contentUrl\":\"https:\\\/\\\/revistaeletricidade.com.br\\\/wp-content\\\/uploads\\\/2026\\\/01\\\/cropped-bannerreviadap.jpg\",\"width\":800,\"height\":132,\"caption\":\"Revista Eletricidade\"},\"image\":{\"@id\":\"https:\\\/\\\/revistaeletricidade.com.br\\\/#\\\/schema\\\/logo\\\/image\\\/\"},\"sameAs\":[\"https:\\\/\\\/www.facebook.com\\\/revistaeletricidade\",\"https:\\\/\\\/x.com\\\/rev_eletrici\",\"https:\\\/\\\/www.instagram.com\\\/revistaeletricidade\"]}]}<\/script>\n<!-- \/ Yoast SEO plugin. -->","yoast_head_json":{"title":"Pol\u00edtica de Cookies - Revista Eletricidade","robots":{"index":"index","follow":"follow","max-snippet":"max-snippet:-1","max-image-preview":"max-image-preview:large","max-video-preview":"max-video-preview:-1"},"canonical":"https:\/\/revistaeletricidade.com.br\/index.php\/politica-de-cookies\/","og_locale":"pt_BR","og_type":"article","og_title":"Pol\u00edtica de Cookies - Revista Eletricidade","og_description":"O que s\u00e3o cookies?Cookies s\u00e3o pequenos arquivos de texto armazenados no seu dispositivo quando voc\u00ea visita nosso site. Eles s\u00e3o amplamente usados para fazer sites funcionarem de forma mais eficiente, al\u00e9m de fornecer informa\u00e7\u00f5es aos propriet\u00e1rios do site. Como usamos cookies?Utilizamos cookies para: Tipos de cookies que utilizamos: Gerenciamento de cookies:Voc\u00ea pode gerenciar as configura\u00e7\u00f5es [&hellip;]","og_url":"https:\/\/revistaeletricidade.com.br\/index.php\/politica-de-cookies\/","og_site_name":"Revista Eletricidade","article_publisher":"https:\/\/www.facebook.com\/revistaeletricidade","article_modified_time":"2026-01-19T16:50:11+00:00","twitter_card":"summary_large_image","twitter_site":"@rev_eletrici","twitter_misc":{"Est. tempo de leitura":"1 minuto"},"schema":{"@context":"https:\/\/schema.org","@graph":[{"@type":"WebPage","@id":"https:\/\/revistaeletricidade.com.br\/index.php\/politica-de-cookies\/","url":"https:\/\/revistaeletricidade.com.br\/index.php\/politica-de-cookies\/","name":"Pol\u00edtica de Cookies - Revista Eletricidade","isPartOf":{"@id":"https:\/\/revistaeletricidade.com.br\/#website"},"datePublished":"2026-01-19T16:50:09+00:00","dateModified":"2026-01-19T16:50:11+00:00","breadcrumb":{"@id":"https:\/\/revistaeletricidade.com.br\/index.php\/politica-de-cookies\/#breadcrumb"},"inLanguage":"pt-BR","potentialAction":[{"@type":"ReadAction","target":["https:\/\/revistaeletricidade.com.br\/index.php\/politica-de-cookies\/"]}]},{"@type":"BreadcrumbList","@id":"https:\/\/revistaeletricidade.com.br\/index.php\/politica-de-cookies\/#breadcrumb","itemListElement":[{"@type":"ListItem","position":1,"name":"In\u00edcio","item":"https:\/\/revistaeletricidade.com.br\/"},{"@type":"ListItem","position":2,"name":"Pol\u00edtica de Cookies"}]},{"@type":"WebSite","@id":"https:\/\/revistaeletricidade.com.br\/#website","url":"https:\/\/revistaeletricidade.com.br\/","name":"Revista Eletricidade","description":"Revista Online com tudo o que mais te interessa","publisher":{"@id":"https:\/\/revistaeletricidade.com.br\/#organization"},"potentialAction":[{"@type":"SearchAction","target":{"@type":"EntryPoint","urlTemplate":"https:\/\/revistaeletricidade.com.br\/?s={search_term_string}"},"query-input":{"@type":"PropertyValueSpecification","valueRequired":true,"valueName":"search_term_string"}}],"inLanguage":"pt-BR"},{"@type":"Organization","@id":"https:\/\/revistaeletricidade.com.br\/#organization","name":"Revista Eletricidade","url":"https:\/\/revistaeletricidade.com.br\/","logo":{"@type":"ImageObject","inLanguage":"pt-BR","@id":"https:\/\/revistaeletricidade.com.br\/#\/schema\/logo\/image\/","url":"https:\/\/revistaeletricidade.com.br\/wp-content\/uploads\/2026\/01\/cropped-bannerreviadap.jpg","contentUrl":"https:\/\/revistaeletricidade.com.br\/wp-content\/uploads\/2026\/01\/cropped-bannerreviadap.jpg","width":800,"height":132,"caption":"Revista Eletricidade"},"image":{"@id":"https:\/\/revistaeletricidade.com.br\/#\/schema\/logo\/image\/"},"sameAs":["https:\/\/www.facebook.com\/revistaeletricidade","https:\/\/x.com\/rev_eletrici","https:\/\/www.instagram.com\/revistaeletricidade"]}]}},"_links":{"self":[{"href":"https:\/\/revistaeletricidade.com.br\/index.php\/wp-json\/wp\/v2\/pages\/214","targetHints":{"allow":["GET"]}}],"collection":[{"href":"https:\/\/revistaeletricidade.com.br\/index.php\/wp-json\/wp\/v2\/pages"}],"about":[{"href":"https:\/\/revistaeletricidade.com.br\/index.php\/wp-json\/wp\/v2\/types\/page"}],"author":[{"embeddable":true,"href":"https:\/\/revistaeletricidade.com.br\/index.php\/wp-json\/wp\/v2\/users\/1"}],"replies":[{"embeddable":true,"href":"https:\/\/revistaeletricidade.com.br\/index.php\/wp-json\/wp\/v2\/comments?post=214"}],"version-history":[{"count":1,"href":"https:\/\/revistaeletricidade.com.br\/index.php\/wp-json\/wp\/v2\/pages\/214\/revisions"}],"predecessor-version":[{"id":216,"href":"https:\/\/revistaeletricidade.com.br\/index.php\/wp-json\/wp\/v2\/pages\/214\/revisions\/216"}],"wp:attachment":[{"href":"https:\/\/revistaeletricidade.com.br\/index.php\/wp-json\/wp\/v2\/media?parent=214"}],"curies":[{"name":"wp","href":"https:\/\/api.w.org\/{rel}","templated":true}]}}